{"id":39047,"date":"2023-02-28T15:22:50","date_gmt":"2023-02-28T13:22:50","guid":{"rendered":"https:\/\/elvita.se\/support"},"modified":"2025-02-28T11:39:06","modified_gmt":"2025-02-28T09:39:06","slug":"support","status":"publish","type":"page","link":"https:\/\/elvita.de\/support","title":{"rendered":"Unterst\u00fctzung"},"content":{"rendered":"\n<p><\/p>\n\n<p> <\/p>\n\n<p>Hier finden Sie die technischen Handb\u00fccher<\/p>\n\n<p> <\/p>\n\n<p><\/p>\n\n<p><\/p>\n<div class=\"c-blockButtons\">\n    <div class=\"c-blockButtons__container col-12\">\n                                                    <div class=\"c-blockButtons__wrapper  center \">\n            <a class=\"elon-link elon-button\" target=\" \"\n              href=\"https:\/\/elvita.se\/af-inlogg\">\n              Technische Handb\u00fccher f\u00fcr Vertragsh\u00e4ndler\n            <\/a>\n          <\/div>\n                                              <\/div>\n  <\/div>\n\n<p><\/p>\n","protected":false},"excerpt":{"rendered":"<p>Hier finden Sie die technischen Handb\u00fccher<\/p>\n","protected":false},"author":1,"featured_media":0,"parent":0,"menu_order":0,"comment_status":"closed","ping_status":"closed","template":"","meta":{"_acf_changed":false,"footnotes":""},"class_list":["post-39047","page","type-page","status-publish","hentry"],"acf":[],"yoast_head":"<!-- This site is optimized with the Yoast SEO plugin v25.3 - https:\/\/yoast.com\/wordpress\/plugins\/seo\/ -->\n<title>Unterst\u00fctzung - Elvita<\/title>\n<meta name=\"robots\" content=\"index, follow, max-snippet:-1, max-image-preview:large, max-video-preview:-1\" \/>\n<link rel=\"canonical\" href=\"https:\/\/elvita.de\/support\" \/>\n<meta property=\"og:locale\" content=\"de_DE\" \/>\n<meta property=\"og:type\" content=\"article\" \/>\n<meta property=\"og:title\" content=\"Unterst\u00fctzung - Elvita\" \/>\n<meta property=\"og:description\" content=\"Hier finden Sie die technischen Handb\u00fccher\" \/>\n<meta property=\"og:url\" content=\"https:\/\/elvita.de\/support\" \/>\n<meta property=\"og:site_name\" content=\"Elvita\" \/>\n<meta property=\"article:modified_time\" content=\"2025-02-28T09:39:06+00:00\" \/>\n<meta name=\"twitter:card\" content=\"summary_large_image\" \/>\n<meta name=\"twitter:label1\" content=\"Est. reading time\" \/>\n\t<meta name=\"twitter:data1\" content=\"1 minute\" \/>\n<script type=\"application\/ld+json\" class=\"yoast-schema-graph\">{\"@context\":\"https:\/\/schema.org\",\"@graph\":[{\"@type\":\"WebPage\",\"@id\":\"https:\/\/elvita.de\/support\",\"url\":\"https:\/\/elvita.de\/support\",\"name\":\"Unterst\u00fctzung - Elvita\",\"isPartOf\":{\"@id\":\"https:\/\/elvita.se\/at\/#website\"},\"datePublished\":\"2023-02-28T13:22:50+00:00\",\"dateModified\":\"2025-02-28T09:39:06+00:00\",\"breadcrumb\":{\"@id\":\"https:\/\/elvita.de\/support#breadcrumb\"},\"inLanguage\":\"de-AT\",\"potentialAction\":[{\"@type\":\"ReadAction\",\"target\":[\"https:\/\/elvita.de\/support\"]}]},{\"@type\":\"BreadcrumbList\",\"@id\":\"https:\/\/elvita.de\/support#breadcrumb\",\"itemListElement\":[{\"@type\":\"ListItem\",\"position\":1,\"name\":\"Start\",\"item\":\"https:\/\/elvita.de\"},{\"@type\":\"ListItem\",\"position\":2,\"name\":\"Unterst\u00fctzung\"}]},{\"@type\":\"WebSite\",\"@id\":\"https:\/\/elvita.se\/at\/#website\",\"url\":\"https:\/\/elvita.se\/at\/\",\"name\":\"Elvita\",\"description\":\"Fokus p\u00e5 det viktiga\",\"potentialAction\":[{\"@type\":\"SearchAction\",\"target\":{\"@type\":\"EntryPoint\",\"urlTemplate\":\"https:\/\/elvita.se\/at\/?s={search_term_string}\"},\"query-input\":{\"@type\":\"PropertyValueSpecification\",\"valueRequired\":true,\"valueName\":\"search_term_string\"}}],\"inLanguage\":\"de-AT\"}]}<\/script>\n<!-- \/ Yoast SEO plugin. -->","yoast_head_json":{"title":"Unterst\u00fctzung - Elvita","robots":{"index":"index","follow":"follow","max-snippet":"max-snippet:-1","max-image-preview":"max-image-preview:large","max-video-preview":"max-video-preview:-1"},"canonical":"https:\/\/elvita.de\/support","og_locale":"de_DE","og_type":"article","og_title":"Unterst\u00fctzung - Elvita","og_description":"Hier finden Sie die technischen Handb\u00fccher","og_url":"https:\/\/elvita.de\/support","og_site_name":"Elvita","article_modified_time":"2025-02-28T09:39:06+00:00","twitter_card":"summary_large_image","twitter_misc":{"Est. reading time":"1 minute"},"schema":{"@context":"https:\/\/schema.org","@graph":[{"@type":"WebPage","@id":"https:\/\/elvita.de\/support","url":"https:\/\/elvita.de\/support","name":"Unterst\u00fctzung - Elvita","isPartOf":{"@id":"https:\/\/elvita.se\/at\/#website"},"datePublished":"2023-02-28T13:22:50+00:00","dateModified":"2025-02-28T09:39:06+00:00","breadcrumb":{"@id":"https:\/\/elvita.de\/support#breadcrumb"},"inLanguage":"de-AT","potentialAction":[{"@type":"ReadAction","target":["https:\/\/elvita.de\/support"]}]},{"@type":"BreadcrumbList","@id":"https:\/\/elvita.de\/support#breadcrumb","itemListElement":[{"@type":"ListItem","position":1,"name":"Start","item":"https:\/\/elvita.de"},{"@type":"ListItem","position":2,"name":"Unterst\u00fctzung"}]},{"@type":"WebSite","@id":"https:\/\/elvita.se\/at\/#website","url":"https:\/\/elvita.se\/at\/","name":"Elvita","description":"Fokus p\u00e5 det viktiga","potentialAction":[{"@type":"SearchAction","target":{"@type":"EntryPoint","urlTemplate":"https:\/\/elvita.se\/at\/?s={search_term_string}"},"query-input":{"@type":"PropertyValueSpecification","valueRequired":true,"valueName":"search_term_string"}}],"inLanguage":"de-AT"}]}},"_links":{"self":[{"href":"https:\/\/elvita.se\/at\/wp-json\/wp\/v2\/pages\/39047","targetHints":{"allow":["GET"]}}],"collection":[{"href":"https:\/\/elvita.se\/at\/wp-json\/wp\/v2\/pages"}],"about":[{"href":"https:\/\/elvita.se\/at\/wp-json\/wp\/v2\/types\/page"}],"author":[{"embeddable":true,"href":"https:\/\/elvita.se\/at\/wp-json\/wp\/v2\/users\/1"}],"replies":[{"embeddable":true,"href":"https:\/\/elvita.se\/at\/wp-json\/wp\/v2\/comments?post=39047"}],"version-history":[{"count":18,"href":"https:\/\/elvita.se\/at\/wp-json\/wp\/v2\/pages\/39047\/revisions"}],"predecessor-version":[{"id":58391,"href":"https:\/\/elvita.se\/at\/wp-json\/wp\/v2\/pages\/39047\/revisions\/58391"}],"wp:attachment":[{"href":"https:\/\/elvita.se\/at\/wp-json\/wp\/v2\/media?parent=39047"}],"curies":[{"name":"wp","href":"https:\/\/api.w.org\/{rel}","templated":true}]}}