{"id":39068,"date":"2024-08-26T17:37:47","date_gmt":"2024-08-26T15:37:47","guid":{"rendered":"https:\/\/elvita.se\/die-geschichte-von-elvita"},"modified":"2024-11-18T16:07:17","modified_gmt":"2024-11-18T14:07:17","slug":"die-geschichte-von-elvita","status":"publish","type":"page","link":"https:\/\/elvita.de\/die-geschichte-von-elvita","title":{"rendered":"Die Geschichte von Elvita"},"content":{"rendered":"\n<h2 class=\"wp-block-heading\">In den nordischen L\u00e4ndern sind wir zu Hause.<\/h2>\n\n\n\n<p>Mit langen, dunklen Wintern, horizontalem Nieselregen und manchmal Hagelschauern bis zum Hochsommer \u2013 wir in den nordischen L\u00e4ndern mussten etwas anders denken und viel h\u00e4rter arbeiten. Da es drau\u00dfen viel Regen und Schmutz gab, mussten wir mehr Zeit drinnen verbringen. Und angesichts des unwirtlichen Wetters sind wir so etwas wie ein Experte f\u00fcr gastfreundliche H\u00e4user geworden. Daher ist es wahrscheinlich nicht so verwunderlich, dass wir in den nordischen L\u00e4ndern sowohl im Design als auch in der Architektur und Innenarchitektur zu den Besten der Welt geh\u00f6ren.<\/p>\n\n\n\n<p>Bei Elvita folgen wir der langen nordischen Tradition, erfolgreiche H\u00e4user zu schaffen, indem wir Produkte an vorderster Front entwickeln. Wenn der Winter lang und dunkel ist, brauchen wir eine durchdachte und brillante Beleuchtung. Wenn der Herbst sintflutartige Regenf\u00e4lle mit sich bringt, brauchen wir Trockner und Trockenschr\u00e4nke, die nicht zusammenklappbar sind. Und wenn Sie auf der ganzen Welt haupts\u00e4chlich Kaffee trinken, brauchen Sie Kaffeemaschinen, die Weltklasse liefern.<\/p>\n\n\n\n<p>Hier in den nordischen L\u00e4ndern m\u00fcssen wir einfach zweimal \u00fcberlegen, bevor wir ein Produkt herstellen. Neben der Tatsache, dass unsere Produkte robust und langlebig sein und dem rauen nordischen Klima standhalten m\u00fcssen, m\u00fcssen unsere Produkte auch dem Leben, das wir hier in den nordischen L\u00e4ndern f\u00fchren, gerecht werden. Und das ist unser Versprechen an Sie.<\/p>\n\n\n\n<p>Die Geschichte von Elvita<\/p>\n\n\n\n<figure class=\"wp-block-image size-large is-resized\"><img loading=\"lazy\" decoding=\"async\" width=\"1200\" height=\"786\" src=\"https:\/\/elvita.de\/app\/uploads\/2024\/11\/story_autumn-1024x671.jpg\" alt=\"Made for Nordic Conditions \u2013 Elvita\" class=\"wp-image-51765\" style=\"aspect-ratio:3\/2;object-fit:contain;width:auto;height:500px\" srcset=\"https:\/\/elvita.se\/app\/uploads\/2024\/11\/story_autumn-1024x671.jpg 1024w, https:\/\/elvita.se\/app\/uploads\/2024\/11\/story_autumn-300x197.jpg 300w, https:\/\/elvita.se\/app\/uploads\/2024\/11\/story_autumn-768x503.jpg 768w, https:\/\/elvita.se\/app\/uploads\/2024\/11\/story_autumn-24x16.jpg 24w, https:\/\/elvita.se\/app\/uploads\/2024\/11\/story_autumn-36x24.jpg 36w, https:\/\/elvita.se\/app\/uploads\/2024\/11\/story_autumn-48x31.jpg 48w, https:\/\/elvita.se\/app\/uploads\/2024\/11\/story_autumn.jpg 1200w\" sizes=\"auto, (max-width: 1200px) 100vw, 1200px\" \/><\/figure>\n","protected":false},"excerpt":{"rendered":"<p>In den nordischen L\u00e4ndern sind wir zu Hause. Mit langen, dunklen Wintern, horizontalem Nieselregen und manchmal Hagelschauern bis zum Hochsommer \u2013 wir in den nordischen L\u00e4ndern mussten etwas anders denken und viel h\u00e4rter arbeiten. Da es drau\u00dfen viel Regen und Schmutz gab, mussten wir mehr Zeit drinnen verbringen. Und angesichts des unwirtlichen Wetters sind wir &hellip; <a href=\"https:\/\/elvita.de\/die-geschichte-von-elvita\">Continued<\/a><\/p>\n","protected":false},"author":2,"featured_media":39868,"parent":0,"menu_order":0,"comment_status":"closed","ping_status":"closed","template":"","meta":{"_acf_changed":false,"footnotes":""},"class_list":["post-39068","page","type-page","status-publish","has-post-thumbnail","hentry"],"acf":[],"yoast_head":"<!-- This site is optimized with the Yoast SEO plugin v25.3 - https:\/\/yoast.com\/wordpress\/plugins\/seo\/ -->\n<title>Die Geschichte von Elvita - Elvita<\/title>\n<meta name=\"robots\" content=\"index, follow, max-snippet:-1, max-image-preview:large, max-video-preview:-1\" \/>\n<link rel=\"canonical\" href=\"https:\/\/elvita.de\/die-geschichte-von-elvita\" \/>\n<meta property=\"og:locale\" content=\"de_DE\" \/>\n<meta property=\"og:type\" content=\"article\" \/>\n<meta property=\"og:title\" content=\"Die Geschichte von Elvita - Elvita\" \/>\n<meta property=\"og:description\" content=\"In den nordischen L\u00e4ndern sind wir zu Hause. Mit langen, dunklen Wintern, horizontalem Nieselregen und manchmal Hagelschauern bis zum Hochsommer \u2013 wir in den nordischen L\u00e4ndern mussten etwas anders denken und viel h\u00e4rter arbeiten. Da es drau\u00dfen viel Regen und Schmutz gab, mussten wir mehr Zeit drinnen verbringen. Und angesichts des unwirtlichen Wetters sind wir &hellip; Continued\" \/>\n<meta property=\"og:url\" content=\"https:\/\/elvita.de\/die-geschichte-von-elvita\" \/>\n<meta property=\"og:site_name\" content=\"Elvita\" \/>\n<meta property=\"article:modified_time\" content=\"2024-11-18T14:07:17+00:00\" \/>\n<meta property=\"og:image\" content=\"https:\/\/elvita.de\/app\/uploads\/2020\/05\/elvita_vadgashjaltar.jpg\" \/>\n\t<meta property=\"og:image:width\" content=\"1024\" \/>\n\t<meta property=\"og:image:height\" content=\"683\" \/>\n\t<meta property=\"og:image:type\" content=\"image\/jpeg\" \/>\n<meta name=\"twitter:card\" content=\"summary_large_image\" \/>\n<meta name=\"twitter:label1\" content=\"Est. reading time\" \/>\n\t<meta name=\"twitter:data1\" content=\"2 minutes\" \/>\n<script type=\"application\/ld+json\" class=\"yoast-schema-graph\">{\"@context\":\"https:\/\/schema.org\",\"@graph\":[{\"@type\":\"WebPage\",\"@id\":\"https:\/\/elvita.de\/die-geschichte-von-elvita\",\"url\":\"https:\/\/elvita.de\/die-geschichte-von-elvita\",\"name\":\"Die Geschichte von Elvita - Elvita\",\"isPartOf\":{\"@id\":\"https:\/\/elvita.se\/at\/#website\"},\"primaryImageOfPage\":{\"@id\":\"https:\/\/elvita.de\/die-geschichte-von-elvita#primaryimage\"},\"image\":{\"@id\":\"https:\/\/elvita.de\/die-geschichte-von-elvita#primaryimage\"},\"thumbnailUrl\":\"https:\/\/elvita.se\/app\/uploads\/2020\/05\/elvita_vadgashjaltar.jpg\",\"datePublished\":\"2024-08-26T15:37:47+00:00\",\"dateModified\":\"2024-11-18T14:07:17+00:00\",\"breadcrumb\":{\"@id\":\"https:\/\/elvita.de\/die-geschichte-von-elvita#breadcrumb\"},\"inLanguage\":\"de-AT\",\"potentialAction\":[{\"@type\":\"ReadAction\",\"target\":[\"https:\/\/elvita.de\/die-geschichte-von-elvita\"]}]},{\"@type\":\"ImageObject\",\"inLanguage\":\"de-AT\",\"@id\":\"https:\/\/elvita.de\/die-geschichte-von-elvita#primaryimage\",\"url\":\"https:\/\/elvita.se\/app\/uploads\/2020\/05\/elvita_vadgashjaltar.jpg\",\"contentUrl\":\"https:\/\/elvita.se\/app\/uploads\/2020\/05\/elvita_vadgashjaltar.jpg\",\"width\":1024,\"height\":683},{\"@type\":\"BreadcrumbList\",\"@id\":\"https:\/\/elvita.de\/die-geschichte-von-elvita#breadcrumb\",\"itemListElement\":[{\"@type\":\"ListItem\",\"position\":1,\"name\":\"Start\",\"item\":\"https:\/\/elvita.de\"},{\"@type\":\"ListItem\",\"position\":2,\"name\":\"Die Geschichte von Elvita\"}]},{\"@type\":\"WebSite\",\"@id\":\"https:\/\/elvita.se\/at\/#website\",\"url\":\"https:\/\/elvita.se\/at\/\",\"name\":\"Elvita\",\"description\":\"Fokus p\u00e5 det viktiga\",\"potentialAction\":[{\"@type\":\"SearchAction\",\"target\":{\"@type\":\"EntryPoint\",\"urlTemplate\":\"https:\/\/elvita.se\/at\/?s={search_term_string}\"},\"query-input\":{\"@type\":\"PropertyValueSpecification\",\"valueRequired\":true,\"valueName\":\"search_term_string\"}}],\"inLanguage\":\"de-AT\"}]}<\/script>\n<!-- \/ Yoast SEO plugin. -->","yoast_head_json":{"title":"Die Geschichte von Elvita - Elvita","robots":{"index":"index","follow":"follow","max-snippet":"max-snippet:-1","max-image-preview":"max-image-preview:large","max-video-preview":"max-video-preview:-1"},"canonical":"https:\/\/elvita.de\/die-geschichte-von-elvita","og_locale":"de_DE","og_type":"article","og_title":"Die Geschichte von Elvita - Elvita","og_description":"In den nordischen L\u00e4ndern sind wir zu Hause. Mit langen, dunklen Wintern, horizontalem Nieselregen und manchmal Hagelschauern bis zum Hochsommer \u2013 wir in den nordischen L\u00e4ndern mussten etwas anders denken und viel h\u00e4rter arbeiten. Da es drau\u00dfen viel Regen und Schmutz gab, mussten wir mehr Zeit drinnen verbringen. Und angesichts des unwirtlichen Wetters sind wir &hellip; Continued","og_url":"https:\/\/elvita.de\/die-geschichte-von-elvita","og_site_name":"Elvita","article_modified_time":"2024-11-18T14:07:17+00:00","og_image":[{"width":1024,"height":683,"url":"https:\/\/elvita.de\/app\/uploads\/2020\/05\/elvita_vadgashjaltar.jpg","type":"image\/jpeg"}],"twitter_card":"summary_large_image","twitter_misc":{"Est. reading time":"2 minutes"},"schema":{"@context":"https:\/\/schema.org","@graph":[{"@type":"WebPage","@id":"https:\/\/elvita.de\/die-geschichte-von-elvita","url":"https:\/\/elvita.de\/die-geschichte-von-elvita","name":"Die Geschichte von Elvita - Elvita","isPartOf":{"@id":"https:\/\/elvita.se\/at\/#website"},"primaryImageOfPage":{"@id":"https:\/\/elvita.de\/die-geschichte-von-elvita#primaryimage"},"image":{"@id":"https:\/\/elvita.de\/die-geschichte-von-elvita#primaryimage"},"thumbnailUrl":"https:\/\/elvita.se\/app\/uploads\/2020\/05\/elvita_vadgashjaltar.jpg","datePublished":"2024-08-26T15:37:47+00:00","dateModified":"2024-11-18T14:07:17+00:00","breadcrumb":{"@id":"https:\/\/elvita.de\/die-geschichte-von-elvita#breadcrumb"},"inLanguage":"de-AT","potentialAction":[{"@type":"ReadAction","target":["https:\/\/elvita.de\/die-geschichte-von-elvita"]}]},{"@type":"ImageObject","inLanguage":"de-AT","@id":"https:\/\/elvita.de\/die-geschichte-von-elvita#primaryimage","url":"https:\/\/elvita.se\/app\/uploads\/2020\/05\/elvita_vadgashjaltar.jpg","contentUrl":"https:\/\/elvita.se\/app\/uploads\/2020\/05\/elvita_vadgashjaltar.jpg","width":1024,"height":683},{"@type":"BreadcrumbList","@id":"https:\/\/elvita.de\/die-geschichte-von-elvita#breadcrumb","itemListElement":[{"@type":"ListItem","position":1,"name":"Start","item":"https:\/\/elvita.de"},{"@type":"ListItem","position":2,"name":"Die Geschichte von Elvita"}]},{"@type":"WebSite","@id":"https:\/\/elvita.se\/at\/#website","url":"https:\/\/elvita.se\/at\/","name":"Elvita","description":"Fokus p\u00e5 det viktiga","potentialAction":[{"@type":"SearchAction","target":{"@type":"EntryPoint","urlTemplate":"https:\/\/elvita.se\/at\/?s={search_term_string}"},"query-input":{"@type":"PropertyValueSpecification","valueRequired":true,"valueName":"search_term_string"}}],"inLanguage":"de-AT"}]}},"_links":{"self":[{"href":"https:\/\/elvita.se\/at\/wp-json\/wp\/v2\/pages\/39068","targetHints":{"allow":["GET"]}}],"collection":[{"href":"https:\/\/elvita.se\/at\/wp-json\/wp\/v2\/pages"}],"about":[{"href":"https:\/\/elvita.se\/at\/wp-json\/wp\/v2\/types\/page"}],"author":[{"embeddable":true,"href":"https:\/\/elvita.se\/at\/wp-json\/wp\/v2\/users\/2"}],"replies":[{"embeddable":true,"href":"https:\/\/elvita.se\/at\/wp-json\/wp\/v2\/comments?post=39068"}],"version-history":[{"count":4,"href":"https:\/\/elvita.se\/at\/wp-json\/wp\/v2\/pages\/39068\/revisions"}],"predecessor-version":[{"id":51772,"href":"https:\/\/elvita.se\/at\/wp-json\/wp\/v2\/pages\/39068\/revisions\/51772"}],"wp:featuredmedia":[{"embeddable":true,"href":"https:\/\/elvita.se\/at\/wp-json\/wp\/v2\/media\/39868"}],"wp:attachment":[{"href":"https:\/\/elvita.se\/at\/wp-json\/wp\/v2\/media?parent=39068"}],"curies":[{"name":"wp","href":"https:\/\/api.w.org\/{rel}","templated":true}]}}